{"id":10,"date":"2022-01-08T23:11:46","date_gmt":"2022-01-08T22:11:46","guid":{"rendered":"https:\/\/maiwind.eu\/?page_id=10"},"modified":"2023-09-09T21:38:39","modified_gmt":"2023-09-09T19:38:39","slug":"impressum","status":"publish","type":"page","link":"https:\/\/maiwind.eu\/en\/impressum\/","title":{"rendered":"Site Notice"},"content":{"rendered":"<!--themify_builder_content-->\n<div id=\"themify_builder_content-10\" data-postid=\"10\" class=\"themify_builder_content themify_builder_content-10 themify_builder tf_clear\">\n                    <div  data-lazy=\"1\" class=\"module_row themify_builder_row tb_9fm9127 tb_first tf_w\">\n                        <div class=\"row_inner col_align_top tb_col_count_1 tf_box tf_rel\">\n                        <div  data-lazy=\"1\" class=\"module_column tb-column col-full tb_ujfp128 first\">\n                    <!-- module text -->\n<div  class=\"module module-text tb_vd7n740\" data-lazy=\"1\">\n        <div  class=\"tb_text_wrap\">\n        <h1>Site Notice<\/h1>\n<h2>Angaben gem\u00e4\u00df \u00a7 5 TMG<\/h2>\n<p>Carin Jungmann<br>Maiwind Coaching &amp; Consulting<br>Haydnstra\u00dfe 61<br>40593 D\u00fcsseldorf<\/p>\n<h2>Contact<\/h2>\n<p>Phone: On mail request<br>E-Mail: office (at) maiwind.eu<\/p>\n<h2>EU dispute resolution<\/h2>\n<p>Die Europ\u00e4ische Kommission stellt eine Plattform zur Online-Streitbeilegung (OS) bereit: <a href=\"https:\/\/ec.europa.eu\/consumers\/odr\/\" target=\"_blank\" rel=\"noopener noreferrer\">https:\/\/ec.europa.eu\/consumers\/odr\/<\/a>.<br>Unsere E-Mail-Adresse finden Sie oben im Impressum.<\/p>\n<h2>Verbraucher\u00adstreit\u00adbeilegung\/Universal\u00adschlichtungs\u00adstelle<\/h2>\n<p>We are not willing or obliged to participate in dispute resolution proceedings in front of a consumer arbitration board.<\/p>\n<h2>Bildrechte<\/h2>\n<p>Copyright Dr. Joe pic: \u00a9 NeuroChangeSolutions<br>Weiter Bilderquellen: Freepik Premium<\/p>\n<p>Wenn nicht anders vermerkt, sind alle auf dieser Website verwendeten Bilder kostenlose Downloads von Unsplash<br>Die Quelle f\u00fcr frei verwendbare Bilder im Internet &#8211; Powered by creators everywhere.<\/p>\n<p>Credits pro Seite:<\/p>\n<p>HOME:<br>\u201cPassion Led Us Here\u201d, Ian Schneider<br>\u201cImagine&#8220;, Jeremy Beck<br>\u201cBegin\u201d, Danielle Macinnes<br>Portrait: private<br>Neurons: NeuroChangeSolutions<br>Colorado River: GrowthRiver Inc.<\/p>\n<p>ORGANIZATIONAL DEVELOPMENT<br>Alle Bilder Copyright GrowthRiver Inc.<\/p>\n<p>CORPORATE TRAINING<br>Alle Bilder k\u00fcnstlerisch bearbeitet von Carin Jungmann<\/p>\n<p>Quelldateien:<br>Neurons: Frei zug\u00e4nglich, anonym<br>Dr. Joe Dispenza: NeuroChangeSolutions<\/p>\n<p>COACHING<br>Alle Bilder (c) Carin Jungmann<\/p>\n<p>CARIN<br>\u201cLife\u201d, Greg Rosenke<br>Portrait, private<\/p>\n<p>EVENTS<br>A.R-T Paola<br>\u201cIdeas Into Reality\u201d, Mika Baumeister<br>\u201cPursuit of Magic\u201d, Karly Santiago<\/p>    <\/div>\n<\/div>\n<!-- \/module text -->        <\/div>\n                        <\/div>\n        <\/div>\n        <\/div>\n<!--\/themify_builder_content-->","protected":false},"excerpt":{"rendered":"<p>Impressum Angaben gem\u00e4\u00df \u00a7 5 TMG Carin JungmannMaiwind Coaching &amp; ConsultingHaydnstra\u00dfe 6140593 D\u00fcsseldorf Kontakt Telefon: Auf MailanfrageE-Mail: office (at) maiwind.eu EU-Streitschlichtung Die Europ\u00e4ische Kommission stellt eine Plattform zur Online-Streitbeilegung (OS) bereit: https:\/\/ec.europa.eu\/consumers\/odr\/.Unsere E-Mail-Adresse finden Sie oben im Impressum. Verbraucher\u00adstreit\u00adbeilegung\/Universal\u00adschlichtungs\u00adstelle Wir sind nicht bereit oder verpflichtet, an Streitbeilegungsverfahren vor einer Verbraucherschlichtungsstelle teilzunehmen. Bildrechte Copyright Dr. Joe [&hellip;]<\/p>\n","protected":false},"author":1,"featured_media":0,"parent":0,"menu_order":0,"comment_status":"closed","ping_status":"closed","template":"","meta":{"footnotes":""},"class_list":["post-10","page","type-page","status-publish","hentry","has-post-title","has-post-date","has-post-category","has-post-tag","has-post-comment","has-post-author",""],"yoast_head":"<!-- This site is optimized with the Yoast SEO plugin v27.5 - https:\/\/yoast.com\/product\/yoast-seo-wordpress\/ -->\n<title>Impressum - Maiwind<\/title>\n<meta name=\"robots\" content=\"index, follow, max-snippet:-1, max-image-preview:large, max-video-preview:-1\" \/>\n<link rel=\"canonical\" href=\"https:\/\/maiwind.eu\/en\/impressum\/\" \/>\n<meta property=\"og:locale\" content=\"en_GB\" \/>\n<meta property=\"og:type\" content=\"article\" \/>\n<meta property=\"og:title\" content=\"Impressum - Maiwind\" \/>\n<meta property=\"og:description\" content=\"Impressum Angaben gem\u00e4\u00df \u00a7 5 TMG Carin JungmannMaiwind Coaching &amp; ConsultingHaydnstra\u00dfe 6140593 D\u00fcsseldorf Kontakt Telefon: Auf MailanfrageE-Mail: office (at) maiwind.eu EU-Streitschlichtung Die Europ\u00e4ische Kommission stellt eine Plattform zur Online-Streitbeilegung (OS) bereit: https:\/\/ec.europa.eu\/consumers\/odr\/.Unsere E-Mail-Adresse finden Sie oben im Impressum. Verbraucher\u00adstreit\u00adbeilegung\/Universal\u00adschlichtungs\u00adstelle Wir sind nicht bereit oder verpflichtet, an Streitbeilegungsverfahren vor einer Verbraucherschlichtungsstelle teilzunehmen. Bildrechte Copyright Dr. Joe [&hellip;]\" \/>\n<meta property=\"og:url\" content=\"https:\/\/maiwind.eu\/en\/impressum\/\" \/>\n<meta property=\"og:site_name\" content=\"Maiwind\" \/>\n<meta property=\"article:modified_time\" content=\"2023-09-09T19:38:39+00:00\" \/>\n<meta name=\"twitter:card\" content=\"summary_large_image\" \/>\n<meta name=\"twitter:label1\" content=\"Estimated reading time\" \/>\n\t<meta name=\"twitter:data1\" content=\"1 minute\" \/>\n<script type=\"application\/ld+json\" class=\"yoast-schema-graph\">{\"@context\":\"https:\\\/\\\/schema.org\",\"@graph\":[{\"@type\":\"WebPage\",\"@id\":\"https:\\\/\\\/maiwind.eu\\\/impressum\\\/\",\"url\":\"https:\\\/\\\/maiwind.eu\\\/impressum\\\/\",\"name\":\"Impressum - Maiwind\",\"isPartOf\":{\"@id\":\"https:\\\/\\\/maiwind.eu\\\/#website\"},\"datePublished\":\"2022-01-08T22:11:46+00:00\",\"dateModified\":\"2023-09-09T19:38:39+00:00\",\"breadcrumb\":{\"@id\":\"https:\\\/\\\/maiwind.eu\\\/impressum\\\/#breadcrumb\"},\"inLanguage\":\"en-GB\",\"potentialAction\":[{\"@type\":\"ReadAction\",\"target\":[\"https:\\\/\\\/maiwind.eu\\\/impressum\\\/\"]}]},{\"@type\":\"BreadcrumbList\",\"@id\":\"https:\\\/\\\/maiwind.eu\\\/impressum\\\/#breadcrumb\",\"itemListElement\":[{\"@type\":\"ListItem\",\"position\":1,\"name\":\"Startseite\",\"item\":\"https:\\\/\\\/maiwind.eu\\\/\"},{\"@type\":\"ListItem\",\"position\":2,\"name\":\"Impressum\"}]},{\"@type\":\"WebSite\",\"@id\":\"https:\\\/\\\/maiwind.eu\\\/#website\",\"url\":\"https:\\\/\\\/maiwind.eu\\\/\",\"name\":\"Maiwind\",\"description\":\"Creative Consulting Company\",\"potentialAction\":[{\"@type\":\"SearchAction\",\"target\":{\"@type\":\"EntryPoint\",\"urlTemplate\":\"https:\\\/\\\/maiwind.eu\\\/?s={search_term_string}\"},\"query-input\":{\"@type\":\"PropertyValueSpecification\",\"valueRequired\":true,\"valueName\":\"search_term_string\"}}],\"inLanguage\":\"en-GB\"}]}<\/script>\n<!-- \/ Yoast SEO plugin. -->","yoast_head_json":{"title":"Impressum - Maiwind","robots":{"index":"index","follow":"follow","max-snippet":"max-snippet:-1","max-image-preview":"max-image-preview:large","max-video-preview":"max-video-preview:-1"},"canonical":"https:\/\/maiwind.eu\/en\/impressum\/","og_locale":"en_GB","og_type":"article","og_title":"Impressum - Maiwind","og_description":"Impressum Angaben gem\u00e4\u00df \u00a7 5 TMG Carin JungmannMaiwind Coaching &amp; ConsultingHaydnstra\u00dfe 6140593 D\u00fcsseldorf Kontakt Telefon: Auf MailanfrageE-Mail: office (at) maiwind.eu EU-Streitschlichtung Die Europ\u00e4ische Kommission stellt eine Plattform zur Online-Streitbeilegung (OS) bereit: https:\/\/ec.europa.eu\/consumers\/odr\/.Unsere E-Mail-Adresse finden Sie oben im Impressum. Verbraucher\u00adstreit\u00adbeilegung\/Universal\u00adschlichtungs\u00adstelle Wir sind nicht bereit oder verpflichtet, an Streitbeilegungsverfahren vor einer Verbraucherschlichtungsstelle teilzunehmen. Bildrechte Copyright Dr. Joe [&hellip;]","og_url":"https:\/\/maiwind.eu\/en\/impressum\/","og_site_name":"Maiwind","article_modified_time":"2023-09-09T19:38:39+00:00","twitter_card":"summary_large_image","twitter_misc":{"Estimated reading time":"1 minute"},"schema":{"@context":"https:\/\/schema.org","@graph":[{"@type":"WebPage","@id":"https:\/\/maiwind.eu\/impressum\/","url":"https:\/\/maiwind.eu\/impressum\/","name":"Impressum - Maiwind","isPartOf":{"@id":"https:\/\/maiwind.eu\/#website"},"datePublished":"2022-01-08T22:11:46+00:00","dateModified":"2023-09-09T19:38:39+00:00","breadcrumb":{"@id":"https:\/\/maiwind.eu\/impressum\/#breadcrumb"},"inLanguage":"en-GB","potentialAction":[{"@type":"ReadAction","target":["https:\/\/maiwind.eu\/impressum\/"]}]},{"@type":"BreadcrumbList","@id":"https:\/\/maiwind.eu\/impressum\/#breadcrumb","itemListElement":[{"@type":"ListItem","position":1,"name":"Startseite","item":"https:\/\/maiwind.eu\/"},{"@type":"ListItem","position":2,"name":"Impressum"}]},{"@type":"WebSite","@id":"https:\/\/maiwind.eu\/#website","url":"https:\/\/maiwind.eu\/","name":"Maiwind","description":"Creative Consulting Company","potentialAction":[{"@type":"SearchAction","target":{"@type":"EntryPoint","urlTemplate":"https:\/\/maiwind.eu\/?s={search_term_string}"},"query-input":{"@type":"PropertyValueSpecification","valueRequired":true,"valueName":"search_term_string"}}],"inLanguage":"en-GB"}]}},"_links":{"self":[{"href":"https:\/\/maiwind.eu\/en\/wp-json\/wp\/v2\/pages\/10","targetHints":{"allow":["GET"]}}],"collection":[{"href":"https:\/\/maiwind.eu\/en\/wp-json\/wp\/v2\/pages"}],"about":[{"href":"https:\/\/maiwind.eu\/en\/wp-json\/wp\/v2\/types\/page"}],"author":[{"embeddable":true,"href":"https:\/\/maiwind.eu\/en\/wp-json\/wp\/v2\/users\/1"}],"replies":[{"embeddable":true,"href":"https:\/\/maiwind.eu\/en\/wp-json\/wp\/v2\/comments?post=10"}],"version-history":[{"count":0,"href":"https:\/\/maiwind.eu\/en\/wp-json\/wp\/v2\/pages\/10\/revisions"}],"wp:attachment":[{"href":"https:\/\/maiwind.eu\/en\/wp-json\/wp\/v2\/media?parent=10"}],"curies":[{"name":"wp","href":"https:\/\/api.w.org\/{rel}","templated":true}]}}